{"id":64,"date":"2017-11-17T21:12:41","date_gmt":"2017-11-17T21:12:41","guid":{"rendered":"https:\/\/ectafide.usac.edu.gt\/?page_id=64"},"modified":"2018-01-16T20:18:17","modified_gmt":"2018-01-16T20:18:17","slug":"estudiantes","status":"publish","type":"page","link":"https:\/\/ectafide.usac.edu.gt\/index.php\/estudiantes\/","title":{"rendered":"ESTUDIANTES"},"content":{"rendered":"<h1><strong>Requisitos de Inscripci\u00f3n PRIMER INGRESO<\/strong><\/h1>\n<p>&nbsp;<\/p>\n<p>Para que te puedas inscribir en ECTAFIDE, necesitas pasar por un proceso de pre-inscripci\u00f3n, que detallamos a continuaci\u00f3n.<\/p>\n<h2><strong>Informaci\u00f3n <\/strong><\/h2>\n<p>Oficinas de ECTAFIDE, edificio M-3<\/p>\n<p>Tel: <strong>2418 7944<\/strong><\/p>\n<p>Correo: <strong>ectafide_m3@usac.edu.gt<\/strong><\/p>\n<p>Horario: 12:00 a 20:00 horas<\/p>\n<h2><strong>Tarjeta de orientaci\u00f3n vocacional<\/strong><\/h2>\n<p>solicitarla en la secci\u00f3n de orientaci\u00f3n vocacional (3er. Nivel, Edificio Bienestar Estudiantil, Ciudad Universitaria Zona 12, Te. <strong>2418-8000 <\/strong><strong>ext. 9631).<\/strong><\/p>\n<h2><strong>\u00a0<\/strong>Pruebas de Conocimientos B\u00e1sicos.<\/h2>\n<p><strong>Requerir<\/strong> la asignaci\u00f3n de las pruebas de <strong>Lenguaje, Biolog\u00eda y Matem\u00e1ticas, en el Sistema\u00a0\u00a0 de\u00a0\u00a0 Ubicaci\u00f3n y\u00a0\u00a0 Nivelaci\u00f3n -SUN-,<\/strong> ubicado en el s\u00f3tano del Edificio de Recursos Educativos (llevar 2 fotograf\u00edas).<\/p>\n<p>Las cuales se realizar\u00e1n seg\u00fan calendario establecido por el Departamento de Registro y Estad\u00edstica.<\/p>\n<p>Tiene tres oportunidades para aprobar la evaluaci\u00f3n de conocimientos b\u00e1sicos. (Los temarios se los proporcionar\u00e1 el SUN).<\/p>\n<p><strong>Presentar:<\/strong><\/p>\n<p>Cartilla del SUN<\/p>\n<p>Constancia de Pre-inscripci\u00f3n a Pruebas de Conocimientos B\u00e1sicos.<\/p>\n<p>L\u00e1piz HB.<\/p>\n<p>Documento de identificaci\u00f3n con Fotograf\u00eda.<\/p>\n<h2><strong>Evaluaci\u00f3n de Pruebas Espec\u00edficas<\/strong><\/h2>\n<p>Consiste en la realizaci\u00f3n de pruebas f\u00edsicas para medir habilidades espec\u00edficas como:<\/p>\n<ul>\n<li>Cooper Test (Prueba de Aer\u00f3bica)<\/li>\n<li>Fondos (Prueba de Fuerza)<\/li>\n<li>Flexi\u00f3n Abdominal (Prueba de Flexibilidad)<\/li>\n<li>Velocidad (Prueba Anaer\u00f3bica).<\/li>\n<\/ul>\n<p>&nbsp;<\/p>\n<p>Las pruebas se realizar\u00e1n en la pista de carreras del Campus de la Universidad de San Carlos de Guatemala.<\/p>\n<p>PRESENTARSE con tenis, short o pants y playera.<\/p>\n<p>Las cuales se realizar\u00e1n seg\u00fan calendario establecido por el Departamento de Registro y Estad\u00edstica (consultar fecha y hora en las oficinas de ECTAFIDE).<\/p>\n","protected":false},"excerpt":{"rendered":"<p>Requisitos de Inscripci\u00f3n PRIMER INGRESO &nbsp; Para que te puedas inscribir en ECTAFIDE, necesitas pasar por un proceso de pre-inscripci\u00f3n, que detallamos a continuaci\u00f3n. Informaci\u00f3n Oficinas de ECTAFIDE, edificio M-3 Tel: 2418 7944 Correo: ectafide_m3@usac.edu.gt Horario: 12:00 a 20:00 horas Tarjeta de orientaci\u00f3n vocacional solicitarla en la secci\u00f3n de orientaci\u00f3n vocacional (3er. Nivel, Edificio Bienestar [&hellip;]<\/p>\n","protected":false},"author":1,"featured_media":0,"parent":0,"menu_order":3,"comment_status":"closed","ping_status":"closed","template":"","meta":{"footnotes":""},"_links":{"self":[{"href":"https:\/\/ectafide.usac.edu.gt\/index.php\/wp-json\/wp\/v2\/pages\/64"}],"collection":[{"href":"https:\/\/ectafide.usac.edu.gt\/index.php\/wp-json\/wp\/v2\/pages"}],"about":[{"href":"https:\/\/ectafide.usac.edu.gt\/index.php\/wp-json\/wp\/v2\/types\/page"}],"author":[{"embeddable":true,"href":"https:\/\/ectafide.usac.edu.gt\/index.php\/wp-json\/wp\/v2\/users\/1"}],"replies":[{"embeddable":true,"href":"https:\/\/ectafide.usac.edu.gt\/index.php\/wp-json\/wp\/v2\/comments?post=64"}],"version-history":[{"count":4,"href":"https:\/\/ectafide.usac.edu.gt\/index.php\/wp-json\/wp\/v2\/pages\/64\/revisions"}],"predecessor-version":[{"id":96,"href":"https:\/\/ectafide.usac.edu.gt\/index.php\/wp-json\/wp\/v2\/pages\/64\/revisions\/96"}],"wp:attachment":[{"href":"https:\/\/ectafide.usac.edu.gt\/index.php\/wp-json\/wp\/v2\/media?parent=64"}],"curies":[{"name":"wp","href":"https:\/\/api.w.org\/{rel}","templated":true}]}}