{"id":72,"date":"2019-02-07T19:22:43","date_gmt":"2019-02-07T19:22:43","guid":{"rendered":"https:\/\/ectafide.usac.edu.gt\/?page_id=72"},"modified":"2020-07-09T21:09:22","modified_gmt":"2020-07-09T21:09:22","slug":"biblioteca","status":"publish","type":"page","link":"https:\/\/ectafide.usac.edu.gt\/index.php\/biblioteca\/","title":{"rendered":"CENTRO DE DOCUMENTACI\u00d3N"},"content":{"rendered":"<p>&nbsp;<\/p>\n<p><span style=\"color: #000080;\"><strong>Identificaci\u00f3n<\/strong><\/span><\/p>\n<p>El Centro de Documentaci\u00f3n es una unidad de informaci\u00f3n aprobada por el Consejo Directivo de la Escuela de Ciencias Psicol\u00f3gicas, seg\u00fan Acta No. 33-2003.<\/p>\n<p>Ubicada en el edificio M3, primer nivel, sal\u00f3n 119.<\/p>\n<p><span style=\"color: #000080;\"><strong>Misi\u00f3n <\/strong><\/span><\/p>\n<p>El Centro de Documentaci\u00f3n es un servicio de apoyo al aprendizaje, la docencia, la investigaci\u00f3n, poniendo a disposici\u00f3n los servicios y materiales para el acceso a la informaci\u00f3n.<\/p>\n<p><span style=\"color: #000080;\"><strong>Visi\u00f3n<\/strong><\/span><\/p>\n<p>Ser la unidad de informaci\u00f3n especializada, que apoye constantemente la formaci\u00f3n de la Escuela, disponiendo de servicios y productos actualizados en diferentes soportes.<\/p>\n<p><span style=\"color: #000080;\"><strong>Correo electr\u00f3nico<\/strong><\/span><\/p>\n<p><a href=\"mailto:centrodocumentacionectafide18@gmail.com\">centrodocumentacionectafide18@gmail.com<\/a><\/p>\n<p><a href=\"mailto:siguenza.nancy@usac.edu.gt\">siguenza.nancy@usac.edu.gt<\/a><\/p>\n<p><span style=\"color: #000080;\"><strong>Horario de atenci\u00f3n<\/strong><\/span><\/p>\n<p>De 16:00 a 20:00 horas.<\/p>\n<p><span style=\"color: #000080;\"><strong>Colecci\u00f3n<\/strong><\/span><\/p>\n<p>El material bibliogr\u00e1fico est\u00e1 conformado por:<\/p>\n<p><span style=\"color: #000080;\"><strong>Secci\u00f3n referencia<\/strong>:<\/span> Encontramos diccionarios, enciclopedias y atlas relacionado con deporte<\/p>\n<p><span style=\"color: #000080;\"><strong>Colecci\u00f3n General:<\/strong><\/span> Libros con tem\u00e1ticas de deporte, futbol, nataci\u00f3n, baloncesto, gimnasia; etc<\/p>\n<p><span style=\"color: #000080;\"><strong>Tesario:<\/strong><\/span> Comprende las tesis de los egresados de la Escuela ECTAFIDE, a nivel profesorado, t\u00e9cnico y licenciatura.<\/p>\n<p><span style=\"color: #000080;\"><strong>Secci\u00f3n de audiovisuales: <\/strong><\/span>encontramos CD del tesario<\/p>\n<p>&nbsp;<\/p>\n<p>&nbsp;<\/p>\n","protected":false},"excerpt":{"rendered":"<p>&nbsp; Identificaci\u00f3n El Centro de Documentaci\u00f3n es una unidad de informaci\u00f3n aprobada por el Consejo Directivo de la Escuela de Ciencias Psicol\u00f3gicas, seg\u00fan Acta No. 33-2003. Ubicada en el edificio M3, primer nivel, sal\u00f3n 119. Misi\u00f3n El Centro de Documentaci\u00f3n es un servicio de apoyo al aprendizaje, la docencia, la investigaci\u00f3n, poniendo a disposici\u00f3n los [&hellip;]<\/p>\n","protected":false},"author":1,"featured_media":0,"parent":0,"menu_order":5,"comment_status":"closed","ping_status":"closed","template":"","meta":{"footnotes":""},"_links":{"self":[{"href":"https:\/\/ectafide.usac.edu.gt\/index.php\/wp-json\/wp\/v2\/pages\/72"}],"collection":[{"href":"https:\/\/ectafide.usac.edu.gt\/index.php\/wp-json\/wp\/v2\/pages"}],"about":[{"href":"https:\/\/ectafide.usac.edu.gt\/index.php\/wp-json\/wp\/v2\/types\/page"}],"author":[{"embeddable":true,"href":"https:\/\/ectafide.usac.edu.gt\/index.php\/wp-json\/wp\/v2\/users\/1"}],"replies":[{"embeddable":true,"href":"https:\/\/ectafide.usac.edu.gt\/index.php\/wp-json\/wp\/v2\/comments?post=72"}],"version-history":[{"count":7,"href":"https:\/\/ectafide.usac.edu.gt\/index.php\/wp-json\/wp\/v2\/pages\/72\/revisions"}],"predecessor-version":[{"id":902,"href":"https:\/\/ectafide.usac.edu.gt\/index.php\/wp-json\/wp\/v2\/pages\/72\/revisions\/902"}],"wp:attachment":[{"href":"https:\/\/ectafide.usac.edu.gt\/index.php\/wp-json\/wp\/v2\/media?parent=72"}],"curies":[{"name":"wp","href":"https:\/\/api.w.org\/{rel}","templated":true}]}}