{"id":81,"date":"2017-11-17T23:59:44","date_gmt":"2017-11-17T23:59:44","guid":{"rendered":"https:\/\/ectafide.usac.edu.gt\/?page_id=81"},"modified":"2024-02-01T20:32:12","modified_gmt":"2024-02-01T20:32:12","slug":"mision-y-vision","status":"publish","type":"page","link":"https:\/\/ectafide.usac.edu.gt\/index.php\/escuela\/mision-y-vision\/","title":{"rendered":"MISI\u00d3N Y VISI\u00d3N"},"content":{"rendered":"<h1 style=\"text-align: center;\">MISI\u00d3N<\/h1>\n<p style=\"text-align: center;\">Formados profesionales altamente especializados en las \u00e1reas de Educaci\u00f3n F\u00edsica, Deporte y Recreaci\u00f3n que a nivel de docencia investigaci\u00f3n y servicio producen el desarrollo de la Cultura F\u00edsica en Guatemala en el \u00e1mbito escolar, federado y no federado, generando procesos que garantizan una alta educaci\u00f3n del movimiento, el aumento del nivel competitivo nacional e internacional de nuestros atletas y el mejoramiento de la calidad de vida de los guatemaltecos.<\/p>\n<h1 style=\"text-align: center;\">VISI\u00d3N<\/h1>\n<p style=\"text-align: center;\">Somos una Unidad Acad\u00e9mica que funciona con un cuerpo docente de alto nivel y que ofrece pregrados, grados, posgrados en el \u00e1mbito del conocimiento de la Cultura F\u00edsica; investigando, proponiendo y desarrollando soluciones a los problemas nacionales regionales y continentales en el terreno de la actividad f\u00edsica.<\/p>\n<h1 style=\"text-align: center;\">OBJETIVOS<\/h1>\n<p style=\"text-align: center;\">Proporcionar al pa\u00eds profesionales y t\u00e9cnicos en la educaci\u00f3n f\u00edsica, deporte y recreaci\u00f3n capaces de dar respuestas \u00fatiles y oportunas a las necesidades del desarrollo integral del guatemalteco, en el campo del crecimiento y el desarrollo f\u00edsico, la salud, el trabajo y el impulso del tiempo libre.<\/p>\n\n\n<p><\/p>\n","protected":false},"excerpt":{"rendered":"<p>MISI\u00d3N Formados profesionales altamente especializados en las \u00e1reas de Educaci\u00f3n F\u00edsica, Deporte y Recreaci\u00f3n que a nivel de docencia investigaci\u00f3n y servicio producen el desarrollo de la Cultura F\u00edsica en Guatemala en el \u00e1mbito escolar, federado y no federado, generando procesos que garantizan una alta educaci\u00f3n del movimiento, el aumento del nivel competitivo nacional e [&hellip;]<\/p>\n","protected":false},"author":1,"featured_media":0,"parent":67,"menu_order":0,"comment_status":"closed","ping_status":"closed","template":"","meta":{"footnotes":""},"_links":{"self":[{"href":"https:\/\/ectafide.usac.edu.gt\/index.php\/wp-json\/wp\/v2\/pages\/81"}],"collection":[{"href":"https:\/\/ectafide.usac.edu.gt\/index.php\/wp-json\/wp\/v2\/pages"}],"about":[{"href":"https:\/\/ectafide.usac.edu.gt\/index.php\/wp-json\/wp\/v2\/types\/page"}],"author":[{"embeddable":true,"href":"https:\/\/ectafide.usac.edu.gt\/index.php\/wp-json\/wp\/v2\/users\/1"}],"replies":[{"embeddable":true,"href":"https:\/\/ectafide.usac.edu.gt\/index.php\/wp-json\/wp\/v2\/comments?post=81"}],"version-history":[{"count":3,"href":"https:\/\/ectafide.usac.edu.gt\/index.php\/wp-json\/wp\/v2\/pages\/81\/revisions"}],"predecessor-version":[{"id":2618,"href":"https:\/\/ectafide.usac.edu.gt\/index.php\/wp-json\/wp\/v2\/pages\/81\/revisions\/2618"}],"up":[{"embeddable":true,"href":"https:\/\/ectafide.usac.edu.gt\/index.php\/wp-json\/wp\/v2\/pages\/67"}],"wp:attachment":[{"href":"https:\/\/ectafide.usac.edu.gt\/index.php\/wp-json\/wp\/v2\/media?parent=81"}],"curies":[{"name":"wp","href":"https:\/\/api.w.org\/{rel}","templated":true}]}}