{"id":889,"date":"2020-07-08T22:35:42","date_gmt":"2020-07-08T22:35:42","guid":{"rendered":"https:\/\/ectafide.usac.edu.gt\/?page_id=889"},"modified":"2020-07-23T14:47:49","modified_gmt":"2020-07-23T14:47:49","slug":"secretaria-de-sub-coordinacion-extension-y-sub-coordinacion-de-investigacion-icaf","status":"publish","type":"page","link":"https:\/\/ectafide.usac.edu.gt\/index.php\/secretaria-de-sub-coordinacion-extension-y-sub-coordinacion-de-investigacion-icaf\/","title":{"rendered":"SECRETARIA DE SUB COORDINACI\u00d3N EXTENSI\u00d3N Y SUB COORDINACI\u00d3N DE INVESTIGACI\u00d3N ICAF"},"content":{"rendered":"<p><img loading=\"lazy\" decoding=\"async\" class=\"alignnone size-full wp-image-946\" src=\"https:\/\/ectafide.usac.edu.gt\/wp-content\/uploads\/2020\/07\/Diapositiva11.jpg\" alt=\"\" width=\"1707\" height=\"960\" srcset=\"https:\/\/ectafide.usac.edu.gt\/wp-content\/uploads\/2020\/07\/Diapositiva11.jpg 1707w, https:\/\/ectafide.usac.edu.gt\/wp-content\/uploads\/2020\/07\/Diapositiva11-300x169.jpg 300w, https:\/\/ectafide.usac.edu.gt\/wp-content\/uploads\/2020\/07\/Diapositiva11-768x432.jpg 768w, https:\/\/ectafide.usac.edu.gt\/wp-content\/uploads\/2020\/07\/Diapositiva11-1024x576.jpg 1024w\" sizes=\"(max-width: 1707px) 100vw, 1707px\" \/> <img loading=\"lazy\" decoding=\"async\" class=\"alignnone size-full wp-image-947\" src=\"https:\/\/ectafide.usac.edu.gt\/wp-content\/uploads\/2020\/07\/Diapositiva12.jpg\" alt=\"\" width=\"1707\" height=\"960\" srcset=\"https:\/\/ectafide.usac.edu.gt\/wp-content\/uploads\/2020\/07\/Diapositiva12.jpg 1707w, https:\/\/ectafide.usac.edu.gt\/wp-content\/uploads\/2020\/07\/Diapositiva12-300x169.jpg 300w, https:\/\/ectafide.usac.edu.gt\/wp-content\/uploads\/2020\/07\/Diapositiva12-768x432.jpg 768w, https:\/\/ectafide.usac.edu.gt\/wp-content\/uploads\/2020\/07\/Diapositiva12-1024x576.jpg 1024w\" sizes=\"(max-width: 1707px) 100vw, 1707px\" \/>\u00a0<img loading=\"lazy\" decoding=\"async\" class=\"alignnone size-full wp-image-967\" src=\"https:\/\/ectafide.usac.edu.gt\/wp-content\/uploads\/2020\/07\/Diapositiva-14-1.jpg\" alt=\"\" width=\"1707\" height=\"960\" srcset=\"https:\/\/ectafide.usac.edu.gt\/wp-content\/uploads\/2020\/07\/Diapositiva-14-1.jpg 1707w, https:\/\/ectafide.usac.edu.gt\/wp-content\/uploads\/2020\/07\/Diapositiva-14-1-300x169.jpg 300w, https:\/\/ectafide.usac.edu.gt\/wp-content\/uploads\/2020\/07\/Diapositiva-14-1-768x432.jpg 768w, https:\/\/ectafide.usac.edu.gt\/wp-content\/uploads\/2020\/07\/Diapositiva-14-1-1024x576.jpg 1024w\" sizes=\"(max-width: 1707px) 100vw, 1707px\" \/><\/p>\n","protected":false},"excerpt":{"rendered":"<p>\u00a0<\/p>\n","protected":false},"author":1,"featured_media":0,"parent":0,"menu_order":0,"comment_status":"closed","ping_status":"closed","template":"","meta":{"footnotes":""},"_links":{"self":[{"href":"https:\/\/ectafide.usac.edu.gt\/index.php\/wp-json\/wp\/v2\/pages\/889"}],"collection":[{"href":"https:\/\/ectafide.usac.edu.gt\/index.php\/wp-json\/wp\/v2\/pages"}],"about":[{"href":"https:\/\/ectafide.usac.edu.gt\/index.php\/wp-json\/wp\/v2\/types\/page"}],"author":[{"embeddable":true,"href":"https:\/\/ectafide.usac.edu.gt\/index.php\/wp-json\/wp\/v2\/users\/1"}],"replies":[{"embeddable":true,"href":"https:\/\/ectafide.usac.edu.gt\/index.php\/wp-json\/wp\/v2\/comments?post=889"}],"version-history":[{"count":4,"href":"https:\/\/ectafide.usac.edu.gt\/index.php\/wp-json\/wp\/v2\/pages\/889\/revisions"}],"predecessor-version":[{"id":968,"href":"https:\/\/ectafide.usac.edu.gt\/index.php\/wp-json\/wp\/v2\/pages\/889\/revisions\/968"}],"wp:attachment":[{"href":"https:\/\/ectafide.usac.edu.gt\/index.php\/wp-json\/wp\/v2\/media?parent=889"}],"curies":[{"name":"wp","href":"https:\/\/api.w.org\/{rel}","templated":true}]}}