{"id":984,"date":"2020-08-01T03:54:14","date_gmt":"2020-08-01T03:54:14","guid":{"rendered":"https:\/\/ectafide.usac.edu.gt\/?page_id=984"},"modified":"2024-02-02T20:57:10","modified_gmt":"2024-02-02T20:57:10","slug":"formularios-de-la-sub-coordinacion-de-investigacion-icaf","status":"publish","type":"page","link":"https:\/\/ectafide.usac.edu.gt\/index.php\/formularios-de-la-sub-coordinacion-de-investigacion-icaf\/","title":{"rendered":"INFORMACI\u00d3N Y FORMULARIOS DE LA SUB COORDINACI\u00d3N DE INVESTIGACI\u00d3N -ICAF"},"content":{"rendered":"\n<div class=\"wp-block-file\"><a href=\"https:\/\/ectafide.usac.edu.gt\/wp-content\/uploads\/2024\/02\/CARTA-ESTUDIANTIL-AL-CONSEJO-DIRECTIVO-USO-EXCLUSIVO-PARA-INFORMES-FINALES-1.docx\">CARTA-ESTUDIANTIL-AL-CONSEJO-DIRECTIVO-USO-EXCLUSIVO-PARA-INFORMES-FINALES-1<\/a><a href=\"https:\/\/ectafide.usac.edu.gt\/wp-content\/uploads\/2024\/02\/CARTA-ESTUDIANTIL-AL-CONSEJO-DIRECTIVO-USO-EXCLUSIVO-PARA-INFORMES-FINALES-1.docx\" class=\"wp-block-file__button\" download>Descarga<\/a><\/div>\n\n\n\n<div class=\"wp-block-file\"><a href=\"https:\/\/ectafide.usac.edu.gt\/wp-content\/uploads\/2024\/02\/FORMULARIOS-DE-SOLICITUD-DE-EXAMENES-ESPECIALES-1.docx\">FORMULARIOS-DE-SOLICITUD-DE-EXAMENES-ESPECIALES-1<\/a><a href=\"https:\/\/ectafide.usac.edu.gt\/wp-content\/uploads\/2024\/02\/FORMULARIOS-DE-SOLICITUD-DE-EXAMENES-ESPECIALES-1.docx\" class=\"wp-block-file__button\" download>Descarga<\/a><\/div>\n\n\n\n<div data-wp-interactive=\"core\/file\" class=\"wp-block-file\"><object data-wp-bind--hidden=\"!state.hasPdfPreview\"  class=\"wp-block-file__embed\" data=\"https:\/\/ectafide.usac.edu.gt\/wp-content\/uploads\/2024\/02\/GUIA-PARA-PRESENTACION-DE-TEMARIO-DE-EXAMEN-ESPECIAL-1.pdf\" type=\"application\/pdf\" style=\"width:100%;height:600px\" aria-label=\"Incrustado de Incrustado de GUIA-PARA-PRESENTACION-DE-TEMARIO-DE-EXAMEN-ESPECIAL-1..\"><\/object><a href=\"https:\/\/ectafide.usac.edu.gt\/wp-content\/uploads\/2024\/02\/GUIA-PARA-PRESENTACION-DE-TEMARIO-DE-EXAMEN-ESPECIAL-1.pdf\">GUIA-PARA-PRESENTACION-DE-TEMARIO-DE-EXAMEN-ESPECIAL-1<\/a><a href=\"https:\/\/ectafide.usac.edu.gt\/wp-content\/uploads\/2024\/02\/GUIA-PARA-PRESENTACION-DE-TEMARIO-DE-EXAMEN-ESPECIAL-1.pdf\" class=\"wp-block-file__button\" download>Descarga<\/a><\/div>\n\n\n\n<div data-wp-interactive=\"core\/file\" class=\"wp-block-file\"><object data-wp-bind--hidden=\"!state.hasPdfPreview\"  class=\"wp-block-file__embed\" data=\"https:\/\/ectafide.usac.edu.gt\/wp-content\/uploads\/2024\/02\/GUIA-PARA-PRESENTACION-DE-TEMEAS-PARA-HACER-INVESTIGACION-1.pdf\" type=\"application\/pdf\" style=\"width:100%;height:600px\" aria-label=\"Incrustado de Incrustado de GUIA-PARA-PRESENTACION-DE-TEMEAS-PARA-HACER-INVESTIGACION-1..\"><\/object><a href=\"https:\/\/ectafide.usac.edu.gt\/wp-content\/uploads\/2024\/02\/GUIA-PARA-PRESENTACION-DE-TEMEAS-PARA-HACER-INVESTIGACION-1.pdf\">GUIA-PARA-PRESENTACION-DE-TEMEAS-PARA-HACER-INVESTIGACION-1<\/a><a href=\"https:\/\/ectafide.usac.edu.gt\/wp-content\/uploads\/2024\/02\/GUIA-PARA-PRESENTACION-DE-TEMEAS-PARA-HACER-INVESTIGACION-1.pdf\" class=\"wp-block-file__button\" download>Descarga<\/a><\/div>\n\n\n\n<div data-wp-interactive=\"core\/file\" class=\"wp-block-file\"><object data-wp-bind--hidden=\"!state.hasPdfPreview\"  class=\"wp-block-file__embed\" data=\"https:\/\/ectafide.usac.edu.gt\/wp-content\/uploads\/2024\/02\/PASOS-PARA-PRESENTAR-INFORMES-FINALES-DE-EDC-PDS-EPS-Y-TESIS-1.pdf\" type=\"application\/pdf\" style=\"width:100%;height:600px\" aria-label=\"Incrustado de Incrustado de PASOS-PARA-PRESENTAR-INFORMES-FINALES-DE-EDC-PDS-EPS-Y-TESIS-1..\"><\/object><a href=\"https:\/\/ectafide.usac.edu.gt\/wp-content\/uploads\/2024\/02\/PASOS-PARA-PRESENTAR-INFORMES-FINALES-DE-EDC-PDS-EPS-Y-TESIS-1.pdf\">PASOS-PARA-PRESENTAR-INFORMES-FINALES-DE-EDC-PDS-EPS-Y-TESIS-1<\/a><a href=\"https:\/\/ectafide.usac.edu.gt\/wp-content\/uploads\/2024\/02\/PASOS-PARA-PRESENTAR-INFORMES-FINALES-DE-EDC-PDS-EPS-Y-TESIS-1.pdf\" class=\"wp-block-file__button\" download>Descarga<\/a><\/div>\n\n\n\n<div data-wp-interactive=\"core\/file\" class=\"wp-block-file\"><object data-wp-bind--hidden=\"!state.hasPdfPreview\"  class=\"wp-block-file__embed\" data=\"https:\/\/ectafide.usac.edu.gt\/wp-content\/uploads\/2024\/02\/PASOS-PARA-REALIZAR-TESIS-DE-LICENCIATURA-1.pdf\" type=\"application\/pdf\" style=\"width:100%;height:600px\" aria-label=\"Incrustado de Incrustado de PASOS-PARA-REALIZAR-TESIS-DE-LICENCIATURA-1..\"><\/object><a href=\"https:\/\/ectafide.usac.edu.gt\/wp-content\/uploads\/2024\/02\/PASOS-PARA-REALIZAR-TESIS-DE-LICENCIATURA-1.pdf\">PASOS-PARA-REALIZAR-TESIS-DE-LICENCIATURA-1<\/a><a href=\"https:\/\/ectafide.usac.edu.gt\/wp-content\/uploads\/2024\/02\/PASOS-PARA-REALIZAR-TESIS-DE-LICENCIATURA-1.pdf\" class=\"wp-block-file__button\" download>Descarga<\/a><\/div>\n\n\n\n<div data-wp-interactive=\"core\/file\" class=\"wp-block-file\"><object data-wp-bind--hidden=\"!state.hasPdfPreview\"  class=\"wp-block-file__embed\" data=\"https:\/\/ectafide.usac.edu.gt\/wp-content\/uploads\/2024\/02\/REGLAMENTO-EXAMENES-PRIVADOS-MODALIDAD-VIRTUAL-1.pdf\" type=\"application\/pdf\" style=\"width:100%;height:600px\" aria-label=\"Incrustado de Incrustado de REGLAMENTO-EXAMENES-PRIVADOS-MODALIDAD-VIRTUAL-1..\"><\/object><a href=\"https:\/\/ectafide.usac.edu.gt\/wp-content\/uploads\/2024\/02\/REGLAMENTO-EXAMENES-PRIVADOS-MODALIDAD-VIRTUAL-1.pdf\">REGLAMENTO-EXAMENES-PRIVADOS-MODALIDAD-VIRTUAL-1<\/a><a href=\"https:\/\/ectafide.usac.edu.gt\/wp-content\/uploads\/2024\/02\/REGLAMENTO-EXAMENES-PRIVADOS-MODALIDAD-VIRTUAL-1.pdf\" class=\"wp-block-file__button\" download>Descarga<\/a><\/div>\n\n\n\n<div data-wp-interactive=\"core\/file\" class=\"wp-block-file\"><object data-wp-bind--hidden=\"!state.hasPdfPreview\"  class=\"wp-block-file__embed\" data=\"https:\/\/ectafide.usac.edu.gt\/wp-content\/uploads\/2024\/02\/REQUISITOS-DE-PAPELERIA-DE-PROTOCOLOS-E-INFORME-FINALES-EDC-Y-PDS-1.pdf\" type=\"application\/pdf\" style=\"width:100%;height:600px\" aria-label=\"Incrustado de Incrustado de REQUISITOS-DE-PAPELERIA-DE-PROTOCOLOS-E-INFORME-FINALES-EDC-Y-PDS-1..\"><\/object><a href=\"https:\/\/ectafide.usac.edu.gt\/wp-content\/uploads\/2024\/02\/REQUISITOS-DE-PAPELERIA-DE-PROTOCOLOS-E-INFORME-FINALES-EDC-Y-PDS-1.pdf\">REQUISITOS-DE-PAPELERIA-DE-PROTOCOLOS-E-INFORME-FINALES-EDC-Y-PDS-1<\/a><a href=\"https:\/\/ectafide.usac.edu.gt\/wp-content\/uploads\/2024\/02\/REQUISITOS-DE-PAPELERIA-DE-PROTOCOLOS-E-INFORME-FINALES-EDC-Y-PDS-1.pdf\" class=\"wp-block-file__button\" download>Descarga<\/a><\/div>\n\n\n\n<div data-wp-interactive=\"core\/file\" class=\"wp-block-file\"><object data-wp-bind--hidden=\"!state.hasPdfPreview\"  class=\"wp-block-file__embed\" data=\"https:\/\/ectafide.usac.edu.gt\/wp-content\/uploads\/2024\/02\/REQUISITOS-DE-PAPELERIA-DE-PROTOCOLOS-E-INFORME-FINALES-EPS-Y-TESIS-1.pdf\" type=\"application\/pdf\" style=\"width:100%;height:600px\" aria-label=\"Incrustado de Incrustado de REQUISITOS-DE-PAPELERIA-DE-PROTOCOLOS-E-INFORME-FINALES-EPS-Y-TESIS-1..\"><\/object><a href=\"https:\/\/ectafide.usac.edu.gt\/wp-content\/uploads\/2024\/02\/REQUISITOS-DE-PAPELERIA-DE-PROTOCOLOS-E-INFORME-FINALES-EPS-Y-TESIS-1.pdf\">REQUISITOS-DE-PAPELERIA-DE-PROTOCOLOS-E-INFORME-FINALES-EPS-Y-TESIS-1<\/a><a href=\"https:\/\/ectafide.usac.edu.gt\/wp-content\/uploads\/2024\/02\/REQUISITOS-DE-PAPELERIA-DE-PROTOCOLOS-E-INFORME-FINALES-EPS-Y-TESIS-1.pdf\" class=\"wp-block-file__button\" download>Descarga<\/a><\/div>\n","protected":false},"excerpt":{"rendered":"","protected":false},"author":1,"featured_media":0,"parent":0,"menu_order":0,"comment_status":"closed","ping_status":"closed","template":"","meta":{"footnotes":""},"_links":{"self":[{"href":"https:\/\/ectafide.usac.edu.gt\/index.php\/wp-json\/wp\/v2\/pages\/984"}],"collection":[{"href":"https:\/\/ectafide.usac.edu.gt\/index.php\/wp-json\/wp\/v2\/pages"}],"about":[{"href":"https:\/\/ectafide.usac.edu.gt\/index.php\/wp-json\/wp\/v2\/types\/page"}],"author":[{"embeddable":true,"href":"https:\/\/ectafide.usac.edu.gt\/index.php\/wp-json\/wp\/v2\/users\/1"}],"replies":[{"embeddable":true,"href":"https:\/\/ectafide.usac.edu.gt\/index.php\/wp-json\/wp\/v2\/comments?post=984"}],"version-history":[{"count":5,"href":"https:\/\/ectafide.usac.edu.gt\/index.php\/wp-json\/wp\/v2\/pages\/984\/revisions"}],"predecessor-version":[{"id":2648,"href":"https:\/\/ectafide.usac.edu.gt\/index.php\/wp-json\/wp\/v2\/pages\/984\/revisions\/2648"}],"wp:attachment":[{"href":"https:\/\/ectafide.usac.edu.gt\/index.php\/wp-json\/wp\/v2\/media?parent=984"}],"curies":[{"name":"wp","href":"https:\/\/api.w.org\/{rel}","templated":true}]}}