{"id":997,"date":"2020-08-01T04:00:33","date_gmt":"2020-08-01T04:00:33","guid":{"rendered":"https:\/\/ectafide.usac.edu.gt\/?page_id=997"},"modified":"2024-02-02T20:54:46","modified_gmt":"2024-02-02T20:54:46","slug":"informacion-y-formularios-de-la-sub-coordinacion-de-extension","status":"publish","type":"page","link":"https:\/\/ectafide.usac.edu.gt\/index.php\/informacion-y-formularios-de-la-sub-coordinacion-de-extension\/","title":{"rendered":"INFORMACI\u00d3N Y FORMULARIOS DE LA SUB COORDINACI\u00d3N DE EXTENSI\u00d3N"},"content":{"rendered":"\n<div data-wp-interactive=\"core\/file\" class=\"wp-block-file\"><object data-wp-bind--hidden=\"!state.hasPdfPreview\"  class=\"wp-block-file__embed\" data=\"https:\/\/ectafide.usac.edu.gt\/wp-content\/uploads\/2024\/02\/FORMULARIO-DE-SOLICITUD-DE-CARTAS-DE-ASESORES.pdf\" type=\"application\/pdf\" style=\"width:100%;height:600px\" aria-label=\"Incrustado de Incrustado de FORMULARIO-DE-SOLICITUD-DE-CARTAS-DE-ASESORES..\"><\/object><a href=\"https:\/\/ectafide.usac.edu.gt\/wp-content\/uploads\/2024\/02\/FORMULARIO-DE-SOLICITUD-DE-CARTAS-DE-ASESORES.pdf\">FORMULARIO-DE-SOLICITUD-DE-CARTAS-DE-ASESORES<\/a><a href=\"https:\/\/ectafide.usac.edu.gt\/wp-content\/uploads\/2024\/02\/FORMULARIO-DE-SOLICITUD-DE-CARTAS-DE-ASESORES.pdf\" class=\"wp-block-file__button\" download>Descarga<\/a><\/div>\n\n\n\n<div data-wp-interactive=\"core\/file\" class=\"wp-block-file\"><object data-wp-bind--hidden=\"!state.hasPdfPreview\"  class=\"wp-block-file__embed\" data=\"https:\/\/ectafide.usac.edu.gt\/wp-content\/uploads\/2024\/02\/FORMULARIO-SOLICITUD-DE-PRACTICAS.pdf\" type=\"application\/pdf\" style=\"width:100%;height:600px\" aria-label=\"Incrustado de Incrustado de FORMULARIO-SOLICITUD-DE-PRACTICAS..\"><\/object><a href=\"https:\/\/ectafide.usac.edu.gt\/wp-content\/uploads\/2024\/02\/FORMULARIO-SOLICITUD-DE-PRACTICAS.pdf\">FORMULARIO-SOLICITUD-DE-PRACTICAS<\/a><a href=\"https:\/\/ectafide.usac.edu.gt\/wp-content\/uploads\/2024\/02\/FORMULARIO-SOLICITUD-DE-PRACTICAS.pdf\" class=\"wp-block-file__button\" download>Descarga<\/a><\/div>\n\n\n\n<div data-wp-interactive=\"core\/file\" class=\"wp-block-file\"><object data-wp-bind--hidden=\"!state.hasPdfPreview\"  class=\"wp-block-file__embed\" data=\"https:\/\/ectafide.usac.edu.gt\/wp-content\/uploads\/2024\/02\/PASOS-PARA-REALIZAR-PRACTICAS-DE-EDC-PDS-Y-EPS.pdf\" type=\"application\/pdf\" style=\"width:100%;height:600px\" aria-label=\"Incrustado de Incrustado de PASOS-PARA-REALIZAR-PRACTICAS-DE-EDC-PDS-Y-EPS..\"><\/object><a href=\"https:\/\/ectafide.usac.edu.gt\/wp-content\/uploads\/2024\/02\/PASOS-PARA-REALIZAR-PRACTICAS-DE-EDC-PDS-Y-EPS.pdf\">PASOS-PARA-REALIZAR-PRACTICAS-DE-EDC-PDS-Y-EPS<\/a><a href=\"https:\/\/ectafide.usac.edu.gt\/wp-content\/uploads\/2024\/02\/PASOS-PARA-REALIZAR-PRACTICAS-DE-EDC-PDS-Y-EPS.pdf\" class=\"wp-block-file__button\" download>Descarga<\/a><\/div>\n\n\n\n<div class=\"wp-block-file\"><a href=\"https:\/\/ectafide.usac.edu.gt\/wp-content\/uploads\/2024\/02\/CARTA-ESTUDIANTIL-AL-CONSEJO-DIRECTIVO-USO-EXCLUSIVO-PARA-INFORMES-FINALES.docx\">CARTA-ESTUDIANTIL-AL-CONSEJO-DIRECTIVO-USO-EXCLUSIVO-PARA-INFORMES-FINALES<\/a><a href=\"https:\/\/ectafide.usac.edu.gt\/wp-content\/uploads\/2024\/02\/CARTA-ESTUDIANTIL-AL-CONSEJO-DIRECTIVO-USO-EXCLUSIVO-PARA-INFORMES-FINALES.docx\" class=\"wp-block-file__button\" download>Descarga<\/a><\/div>\n","protected":false},"excerpt":{"rendered":"","protected":false},"author":1,"featured_media":0,"parent":0,"menu_order":0,"comment_status":"closed","ping_status":"closed","template":"","meta":{"footnotes":""},"_links":{"self":[{"href":"https:\/\/ectafide.usac.edu.gt\/index.php\/wp-json\/wp\/v2\/pages\/997"}],"collection":[{"href":"https:\/\/ectafide.usac.edu.gt\/index.php\/wp-json\/wp\/v2\/pages"}],"about":[{"href":"https:\/\/ectafide.usac.edu.gt\/index.php\/wp-json\/wp\/v2\/types\/page"}],"author":[{"embeddable":true,"href":"https:\/\/ectafide.usac.edu.gt\/index.php\/wp-json\/wp\/v2\/users\/1"}],"replies":[{"embeddable":true,"href":"https:\/\/ectafide.usac.edu.gt\/index.php\/wp-json\/wp\/v2\/comments?post=997"}],"version-history":[{"count":3,"href":"https:\/\/ectafide.usac.edu.gt\/index.php\/wp-json\/wp\/v2\/pages\/997\/revisions"}],"predecessor-version":[{"id":2637,"href":"https:\/\/ectafide.usac.edu.gt\/index.php\/wp-json\/wp\/v2\/pages\/997\/revisions\/2637"}],"wp:attachment":[{"href":"https:\/\/ectafide.usac.edu.gt\/index.php\/wp-json\/wp\/v2\/media?parent=997"}],"curies":[{"name":"wp","href":"https:\/\/api.w.org\/{rel}","templated":true}]}}